{"id":37,"date":"2023-08-31T13:08:25","date_gmt":"2023-08-31T16:08:25","guid":{"rendered":"https:\/\/iydapark.com.br\/?page_id=37"},"modified":"2026-03-30T15:19:58","modified_gmt":"2026-03-30T18:19:58","slug":"home","status":"publish","type":"page","link":"https:\/\/iydapark.com.br\/","title":{"rendered":"Home"},"content":{"rendered":"\t\t<div data-elementor-type=\"wp-page\" data-elementor-id=\"37\" class=\"elementor elementor-37\">\n\t\t\t\t\t\t<section class=\"elementor-section elementor-top-section elementor-element elementor-element-2bb64a57 elementor-section-height-min-height elementor-section-items-stretch elementor-section-content-middle elementor-section-full_width elementor-section-height-default\" data-id=\"2bb64a57\" data-element_type=\"section\" data-e-type=\"section\" data-settings=\"{&quot;background_background&quot;:&quot;classic&quot;}\">\n\t\t\t\t\t\t<div class=\"elementor-container elementor-column-gap-no\">\n\t\t\t\t\t<div class=\"elementor-column elementor-col-50 elementor-top-column elementor-element elementor-element-4beb296\" data-id=\"4beb296\" data-element_type=\"column\" data-e-type=\"column\">\n\t\t\t<div class=\"elementor-widget-wrap elementor-element-populated\">\n\t\t\t\t\t\t<div class=\"elementor-element elementor-element-d649ba4 elementor-widget elementor-widget-heading\" data-id=\"d649ba4\" data-element_type=\"widget\" data-e-type=\"widget\" data-widget_type=\"heading.default\">\n\t\t\t\t<div class=\"elementor-widget-container\">\n\t\t\t\t\t<h1 class=\"elementor-heading-title elementor-size-default\">Bem-Vindo ao<br> Iyda Park Estacionamento!<\/h1>\t\t\t\t<\/div>\n\t\t\t\t<\/div>\n\t\t\t\t<div class=\"elementor-element elementor-element-6b372b53 elementor-widget elementor-widget-text-editor\" data-id=\"6b372b53\" data-element_type=\"widget\" data-e-type=\"widget\" data-widget_type=\"text-editor.default\">\n\t\t\t\t<div class=\"elementor-widget-container\">\n\t\t\t\t\t\t\t\t\t<p>O Iyda Park Estacionamento est\u00e1 instalado na cidade de Lins desde Dezembro de 2019.<\/p><p>Localiza\u00e7\u00e3o estrat\u00e9gica para quem procura proximidade a local de trabalho ou viagens por ser pr\u00f3ximo \u00e0 Rodovi\u00e1ria (aproximadamente 3 quarteir\u00f5es).<\/p><p>Venha nos visitar!<\/p>\t\t\t\t\t\t\t\t<\/div>\n\t\t\t\t<\/div>\n\t\t\t\t\t<\/div>\n\t\t<\/div>\n\t\t\t\t<div class=\"elementor-column elementor-col-50 elementor-top-column elementor-element elementor-element-5d253671\" data-id=\"5d253671\" data-element_type=\"column\" data-e-type=\"column\">\n\t\t\t<div class=\"elementor-widget-wrap elementor-element-populated\">\n\t\t\t\t\t\t<div class=\"elementor-element elementor-element-58671167 elementor-widget elementor-widget-image\" data-id=\"58671167\" data-element_type=\"widget\" data-e-type=\"widget\" data-widget_type=\"image.default\">\n\t\t\t\t<div class=\"elementor-widget-container\">\n\t\t\t\t\t\t\t\t\t\t\t\t\t\t\t<img fetchpriority=\"high\" decoding=\"async\" width=\"980\" height=\"735\" src=\"https:\/\/iydapark.com.br\/wp-content\/uploads\/2023\/08\/WhatsApp-Image-2023-08-22-at-15.56.35-1024x768.jpeg\" class=\"attachment-large size-large wp-image-28\" alt=\"\" srcset=\"https:\/\/iydapark.com.br\/wp-content\/uploads\/2023\/08\/WhatsApp-Image-2023-08-22-at-15.56.35-1024x768.jpeg 1024w, https:\/\/iydapark.com.br\/wp-content\/uploads\/2023\/08\/WhatsApp-Image-2023-08-22-at-15.56.35-300x225.jpeg 300w, https:\/\/iydapark.com.br\/wp-content\/uploads\/2023\/08\/WhatsApp-Image-2023-08-22-at-15.56.35-768x576.jpeg 768w, https:\/\/iydapark.com.br\/wp-content\/uploads\/2023\/08\/WhatsApp-Image-2023-08-22-at-15.56.35-1536x1152.jpeg 1536w, https:\/\/iydapark.com.br\/wp-content\/uploads\/2023\/08\/WhatsApp-Image-2023-08-22-at-15.56.35.jpeg 1600w\" sizes=\"(max-width: 980px) 100vw, 980px\" \/>\t\t\t\t\t\t\t\t\t\t\t\t\t\t\t<\/div>\n\t\t\t\t<\/div>\n\t\t\t\t\t<\/div>\n\t\t<\/div>\n\t\t\t\t\t<\/div>\n\t\t<\/section>\n\t\t\t\t<section class=\"elementor-section elementor-top-section elementor-element elementor-element-333ae7b2 elementor-section-full_width elementor-section-content-middle elementor-reverse-tablet elementor-reverse-mobile elementor-section-height-default elementor-section-height-default\" data-id=\"333ae7b2\" data-element_type=\"section\" data-e-type=\"section\">\n\t\t\t\t\t\t<div class=\"elementor-container elementor-column-gap-no\">\n\t\t\t\t\t<div class=\"elementor-column elementor-col-50 elementor-top-column elementor-element elementor-element-699bdc17\" data-id=\"699bdc17\" data-element_type=\"column\" data-e-type=\"column\">\n\t\t\t<div class=\"elementor-widget-wrap elementor-element-populated\">\n\t\t\t\t\t\t<div class=\"elementor-element elementor-element-7d565823 elementor-widget elementor-widget-image\" data-id=\"7d565823\" data-element_type=\"widget\" data-e-type=\"widget\" data-widget_type=\"image.default\">\n\t\t\t\t<div class=\"elementor-widget-container\">\n\t\t\t\t\t\t\t\t\t\t\t\t\t\t\t<img decoding=\"async\" width=\"980\" height=\"747\" src=\"https:\/\/iydapark.com.br\/wp-content\/uploads\/2023\/08\/WhatsApp-Image-2023-08-22-at-15.52.31-1024x781.jpeg\" class=\"attachment-large size-large wp-image-29\" alt=\"\" srcset=\"https:\/\/iydapark.com.br\/wp-content\/uploads\/2023\/08\/WhatsApp-Image-2023-08-22-at-15.52.31-1024x781.jpeg 1024w, https:\/\/iydapark.com.br\/wp-content\/uploads\/2023\/08\/WhatsApp-Image-2023-08-22-at-15.52.31-300x229.jpeg 300w, https:\/\/iydapark.com.br\/wp-content\/uploads\/2023\/08\/WhatsApp-Image-2023-08-22-at-15.52.31-768x585.jpeg 768w, https:\/\/iydapark.com.br\/wp-content\/uploads\/2023\/08\/WhatsApp-Image-2023-08-22-at-15.52.31.jpeg 1077w\" sizes=\"(max-width: 980px) 100vw, 980px\" \/>\t\t\t\t\t\t\t\t\t\t\t\t\t\t\t<\/div>\n\t\t\t\t<\/div>\n\t\t\t\t\t<\/div>\n\t\t<\/div>\n\t\t\t\t<div class=\"elementor-column elementor-col-50 elementor-top-column elementor-element elementor-element-40852a6b\" data-id=\"40852a6b\" data-element_type=\"column\" data-e-type=\"column\">\n\t\t\t<div class=\"elementor-widget-wrap elementor-element-populated\">\n\t\t\t\t\t\t<div class=\"elementor-element elementor-element-4d4e2488 elementor-widget elementor-widget-image\" data-id=\"4d4e2488\" data-element_type=\"widget\" data-e-type=\"widget\" data-widget_type=\"image.default\">\n\t\t\t\t<div class=\"elementor-widget-container\">\n\t\t\t\t\t\t\t\t\t\t\t\t\t\t\t<img fetchpriority=\"high\" decoding=\"async\" width=\"980\" height=\"735\" src=\"https:\/\/iydapark.com.br\/wp-content\/uploads\/2023\/08\/WhatsApp-Image-2023-08-22-at-15.56.35-1024x768.jpeg\" class=\"attachment-large size-large wp-image-28\" alt=\"\" srcset=\"https:\/\/iydapark.com.br\/wp-content\/uploads\/2023\/08\/WhatsApp-Image-2023-08-22-at-15.56.35-1024x768.jpeg 1024w, https:\/\/iydapark.com.br\/wp-content\/uploads\/2023\/08\/WhatsApp-Image-2023-08-22-at-15.56.35-300x225.jpeg 300w, https:\/\/iydapark.com.br\/wp-content\/uploads\/2023\/08\/WhatsApp-Image-2023-08-22-at-15.56.35-768x576.jpeg 768w, https:\/\/iydapark.com.br\/wp-content\/uploads\/2023\/08\/WhatsApp-Image-2023-08-22-at-15.56.35-1536x1152.jpeg 1536w, https:\/\/iydapark.com.br\/wp-content\/uploads\/2023\/08\/WhatsApp-Image-2023-08-22-at-15.56.35.jpeg 1600w\" sizes=\"(max-width: 980px) 100vw, 980px\" \/>\t\t\t\t\t\t\t\t\t\t\t\t\t\t\t<\/div>\n\t\t\t\t<\/div>\n\t\t\t\t\t<\/div>\n\t\t<\/div>\n\t\t\t\t\t<\/div>\n\t\t<\/section>\n\t\t\t\t<section class=\"elementor-section elementor-top-section elementor-element elementor-element-4d22568 elementor-section-full_width elementor-section-height-default elementor-section-height-default\" data-id=\"4d22568\" data-element_type=\"section\" data-e-type=\"section\">\n\t\t\t\t\t\t<div class=\"elementor-container elementor-column-gap-no\">\n\t\t\t\t\t<div class=\"elementor-column elementor-col-100 elementor-top-column elementor-element elementor-element-31c370b1\" data-id=\"31c370b1\" data-element_type=\"column\" data-e-type=\"column\">\n\t\t\t<div class=\"elementor-widget-wrap elementor-element-populated\">\n\t\t\t\t\t\t<div class=\"elementor-element elementor-element-1e6692ee elementor-widget elementor-widget-heading\" data-id=\"1e6692ee\" data-element_type=\"widget\" data-e-type=\"widget\" data-widget_type=\"heading.default\">\n\t\t\t\t<div class=\"elementor-widget-container\">\n\t\t\t\t\t<h3 class=\"elementor-heading-title elementor-size-default\">O que dizem nossos clientes<\/h3>\t\t\t\t<\/div>\n\t\t\t\t<\/div>\n\t\t\t\t<section class=\"elementor-section elementor-inner-section elementor-element elementor-element-17419c08 elementor-section-full_width elementor-section-height-default elementor-section-height-default\" data-id=\"17419c08\" data-element_type=\"section\" data-e-type=\"section\">\n\t\t\t\t\t\t<div class=\"elementor-container elementor-column-gap-no\">\n\t\t\t\t\t<div class=\"elementor-column elementor-col-33 elementor-inner-column elementor-element elementor-element-799462d1\" data-id=\"799462d1\" data-element_type=\"column\" data-e-type=\"column\">\n\t\t\t<div class=\"elementor-widget-wrap elementor-element-populated\">\n\t\t\t\t\t\t<div class=\"elementor-element elementor-element-38d638e0 elementor-widget elementor-widget-testimonial\" data-id=\"38d638e0\" data-element_type=\"widget\" data-e-type=\"widget\" data-widget_type=\"testimonial.default\">\n\t\t\t\t<div class=\"elementor-widget-container\">\n\t\t\t\t\t\t\t<div class=\"elementor-testimonial-wrapper\">\n\t\t\t\t\t\t\t<div class=\"elementor-testimonial-content\">Estacionamento bem localizado, \u00e1rea central da cidade, muito seguro e com grande espa\u00e7o para estacionar sem preocupa\u00e7\u00e3o...<\/div>\n\t\t\t\n\t\t\t\t\t\t<div class=\"elementor-testimonial-meta elementor-has-image elementor-testimonial-image-position-aside\">\n\t\t\t\t<div class=\"elementor-testimonial-meta-inner\">\n\t\t\t\t\t\t\t\t\t\t\t<div class=\"elementor-testimonial-image\">\n\t\t\t\t\t\t\t<img decoding=\"async\" width=\"720\" height=\"1600\" src=\"https:\/\/iydapark.com.br\/wp-content\/uploads\/2023\/09\/a4499054-5391-4cb8-89c4-8f8f4ffaaa28.jpg\" class=\"attachment-full size-full wp-image-58\" alt=\"\" srcset=\"https:\/\/iydapark.com.br\/wp-content\/uploads\/2023\/09\/a4499054-5391-4cb8-89c4-8f8f4ffaaa28.jpg 720w, https:\/\/iydapark.com.br\/wp-content\/uploads\/2023\/09\/a4499054-5391-4cb8-89c4-8f8f4ffaaa28-135x300.jpg 135w, https:\/\/iydapark.com.br\/wp-content\/uploads\/2023\/09\/a4499054-5391-4cb8-89c4-8f8f4ffaaa28-461x1024.jpg 461w, https:\/\/iydapark.com.br\/wp-content\/uploads\/2023\/09\/a4499054-5391-4cb8-89c4-8f8f4ffaaa28-691x1536.jpg 691w\" sizes=\"(max-width: 720px) 100vw, 720px\" \/>\t\t\t\t\t\t<\/div>\n\t\t\t\t\t\n\t\t\t\t\t\t\t\t\t\t<div class=\"elementor-testimonial-details\">\n\t\t\t\t\t\t\t\t\t\t\t\t\t\t<div class=\"elementor-testimonial-name\">Josimar<\/div>\n\t\t\t\t\t\t\t\t\t\t\t\t\t\t\t\t\t\t\t<\/div>\n\t\t\t\t\t\t\t\t\t<\/div>\n\t\t\t<\/div>\n\t\t\t\t\t<\/div>\n\t\t\t\t\t\t<\/div>\n\t\t\t\t<\/div>\n\t\t\t\t\t<\/div>\n\t\t<\/div>\n\t\t\t\t<div class=\"elementor-column elementor-col-33 elementor-inner-column elementor-element elementor-element-515230b6\" data-id=\"515230b6\" data-element_type=\"column\" data-e-type=\"column\">\n\t\t\t<div class=\"elementor-widget-wrap elementor-element-populated\">\n\t\t\t\t\t\t<div class=\"elementor-element elementor-element-355091f0 elementor-widget elementor-widget-testimonial\" data-id=\"355091f0\" data-element_type=\"widget\" data-e-type=\"widget\" data-widget_type=\"testimonial.default\">\n\t\t\t\t<div class=\"elementor-widget-container\">\n\t\t\t\t\t\t\t<div class=\"elementor-testimonial-wrapper\">\n\t\t\t\t\t\t\t<div class=\"elementor-testimonial-content\">Estacionamento muito bom, deixei meu carro l\u00e1, para fazer uma viagem, muito bem localizado, pr\u00f3ximo a rodoviaria e centro da cidade. Sem contar o atendimento 100% qualidade, recomendo muito!<\/div>\n\t\t\t\n\t\t\t\t\t\t<div class=\"elementor-testimonial-meta elementor-has-image elementor-testimonial-image-position-aside\">\n\t\t\t\t<div class=\"elementor-testimonial-meta-inner\">\n\t\t\t\t\t\t\t\t\t\t\t<div class=\"elementor-testimonial-image\">\n\t\t\t\t\t\t\t<img loading=\"lazy\" decoding=\"async\" width=\"1000\" height=\"1000\" src=\"https:\/\/iydapark.com.br\/wp-content\/uploads\/2023\/11\/121312.png\" class=\"attachment-full size-full wp-image-88\" alt=\"\" srcset=\"https:\/\/iydapark.com.br\/wp-content\/uploads\/2023\/11\/121312.png 1000w, https:\/\/iydapark.com.br\/wp-content\/uploads\/2023\/11\/121312-300x300.png 300w, https:\/\/iydapark.com.br\/wp-content\/uploads\/2023\/11\/121312-150x150.png 150w, https:\/\/iydapark.com.br\/wp-content\/uploads\/2023\/11\/121312-768x768.png 768w\" sizes=\"(max-width: 1000px) 100vw, 1000px\" \/>\t\t\t\t\t\t<\/div>\n\t\t\t\t\t\n\t\t\t\t\t\t\t\t\t\t<div class=\"elementor-testimonial-details\">\n\t\t\t\t\t\t\t\t\t\t\t\t\t\t<div class=\"elementor-testimonial-name\">Fernando Tavares<\/div>\n\t\t\t\t\t\t\t\t\t\t\t\t\t\t\t\t\t\t\t<\/div>\n\t\t\t\t\t\t\t\t\t<\/div>\n\t\t\t<\/div>\n\t\t\t\t\t<\/div>\n\t\t\t\t\t\t<\/div>\n\t\t\t\t<\/div>\n\t\t\t\t\t<\/div>\n\t\t<\/div>\n\t\t\t\t<div class=\"elementor-column elementor-col-33 elementor-inner-column elementor-element elementor-element-667e3dd1\" data-id=\"667e3dd1\" data-element_type=\"column\" data-e-type=\"column\">\n\t\t\t<div class=\"elementor-widget-wrap elementor-element-populated\">\n\t\t\t\t\t\t<div class=\"elementor-element elementor-element-47765ab3 elementor-widget elementor-widget-testimonial\" data-id=\"47765ab3\" data-element_type=\"widget\" data-e-type=\"widget\" data-widget_type=\"testimonial.default\">\n\t\t\t\t<div class=\"elementor-widget-container\">\n\t\t\t\t\t\t\t<div class=\"elementor-testimonial-wrapper\">\n\t\t\t\t\t\t\t<div class=\"elementor-testimonial-content\">A localiza\u00e7\u00e3o estrat\u00e9gica do estacionamento e a facilidade de acesso s\u00e3o pontos essenciais que valorizo. Isso facilita muito a minha vida e contribui para a efici\u00eancia das minhas atividades di\u00e1rias.<\/div>\n\t\t\t\n\t\t\t\t\t\t<div class=\"elementor-testimonial-meta elementor-has-image elementor-testimonial-image-position-aside\">\n\t\t\t\t<div class=\"elementor-testimonial-meta-inner\">\n\t\t\t\t\t\t\t\t\t\t\t<div class=\"elementor-testimonial-image\">\n\t\t\t\t\t\t\t<img loading=\"lazy\" decoding=\"async\" width=\"1000\" height=\"1000\" src=\"https:\/\/iydapark.com.br\/wp-content\/uploads\/2023\/11\/121312-1.png\" class=\"attachment-full size-full wp-image-92\" alt=\"\" srcset=\"https:\/\/iydapark.com.br\/wp-content\/uploads\/2023\/11\/121312-1.png 1000w, https:\/\/iydapark.com.br\/wp-content\/uploads\/2023\/11\/121312-1-300x300.png 300w, https:\/\/iydapark.com.br\/wp-content\/uploads\/2023\/11\/121312-1-150x150.png 150w, https:\/\/iydapark.com.br\/wp-content\/uploads\/2023\/11\/121312-1-768x768.png 768w\" sizes=\"(max-width: 1000px) 100vw, 1000px\" \/>\t\t\t\t\t\t<\/div>\n\t\t\t\t\t\n\t\t\t\t\t\t\t\t\t\t<div class=\"elementor-testimonial-details\">\n\t\t\t\t\t\t\t\t\t\t\t\t\t\t<div class=\"elementor-testimonial-name\">Isabela Nunes<\/div>\n\t\t\t\t\t\t\t\t\t\t\t\t\t\t\t\t\t\t\t<\/div>\n\t\t\t\t\t\t\t\t\t<\/div>\n\t\t\t<\/div>\n\t\t\t\t\t<\/div>\n\t\t\t\t\t\t<\/div>\n\t\t\t\t<\/div>\n\t\t\t\t\t<\/div>\n\t\t<\/div>\n\t\t\t\t\t<\/div>\n\t\t<\/section>\n\t\t\t\t\t<\/div>\n\t\t<\/div>\n\t\t\t\t\t<\/div>\n\t\t<\/section>\n\t\t\t\t<section class=\"elementor-section elementor-top-section elementor-element elementor-element-3fbe0076 elementor-section-content-middle elementor-reverse-tablet elementor-reverse-mobile elementor-section-height-min-height elementor-section-boxed elementor-section-height-default elementor-section-items-middle\" data-id=\"3fbe0076\" data-element_type=\"section\" data-e-type=\"section\">\n\t\t\t\t\t\t<div class=\"elementor-container elementor-column-gap-custom\">\n\t\t\t\t\t<div class=\"elementor-column elementor-col-50 elementor-top-column elementor-element elementor-element-7eb0a17d\" data-id=\"7eb0a17d\" data-element_type=\"column\" data-e-type=\"column\">\n\t\t\t<div class=\"elementor-widget-wrap elementor-element-populated\">\n\t\t\t\t\t\t<div class=\"elementor-element elementor-element-20d20d72 elementor-widget__width-initial elementor-widget elementor-widget-heading\" data-id=\"20d20d72\" data-element_type=\"widget\" data-e-type=\"widget\" data-widget_type=\"heading.default\">\n\t\t\t\t<div class=\"elementor-widget-container\">\n\t\t\t\t\t<h3 class=\"elementor-heading-title elementor-size-default\">Conhe\u00e7a o  IYDA PARK!<\/h3>\t\t\t\t<\/div>\n\t\t\t\t<\/div>\n\t\t\t\t<div class=\"elementor-element elementor-element-6a7def83 elementor-widget__width-initial elementor-widget elementor-widget-text-editor\" data-id=\"6a7def83\" data-element_type=\"widget\" data-e-type=\"widget\" data-widget_type=\"text-editor.default\">\n\t\t\t\t<div class=\"elementor-widget-container\">\n\t\t\t\t\t\t\t\t\t<p>Endere\u00e7o: Rua Vinte de Um de Abril, 473 &#8211; Centro, Lins &#8211; SP.<\/p><p>Fone\/Whatsapp: (14) 99134-2811.<\/p>\t\t\t\t\t\t\t\t<\/div>\n\t\t\t\t<\/div>\n\t\t\t\t\t<\/div>\n\t\t<\/div>\n\t\t\t\t<div class=\"elementor-column elementor-col-50 elementor-top-column elementor-element elementor-element-1743c7c\" data-id=\"1743c7c\" data-element_type=\"column\" data-e-type=\"column\">\n\t\t\t<div class=\"elementor-widget-wrap elementor-element-populated\">\n\t\t\t\t\t\t<div class=\"elementor-element elementor-element-d7041db elementor-widget__width-initial elementor-widget elementor-widget-heading\" data-id=\"d7041db\" data-element_type=\"widget\" data-e-type=\"widget\" data-widget_type=\"heading.default\">\n\t\t\t\t<div class=\"elementor-widget-container\">\n\t\t\t\t\t<h2 class=\"elementor-heading-title elementor-size-default\">Venha nos visitar, estamos te aguardando!<\/h2>\t\t\t\t<\/div>\n\t\t\t\t<\/div>\n\t\t\t\t<div class=\"elementor-element elementor-element-50bc072 elementor-align-center elementor-mobile-align-center elementor-widget__width-initial elementor-widget elementor-widget-button\" data-id=\"50bc072\" data-element_type=\"widget\" data-e-type=\"widget\" data-widget_type=\"button.default\">\n\t\t\t\t<div class=\"elementor-widget-container\">\n\t\t\t\t\t\t\t\t\t<div class=\"elementor-button-wrapper\">\n\t\t\t\t\t<a class=\"elementor-button elementor-button-link elementor-size-sm\" href=\"https:\/\/goo.gl\/maps\/2nzYmhto8o2TwuyH7\" target=\"_blank\" rel=\"nofollow\">\n\t\t\t\t\t\t<span class=\"elementor-button-content-wrapper\">\n\t\t\t\t\t\t\t\t\t<span class=\"elementor-button-text\">Como chegar<\/span>\n\t\t\t\t\t<\/span>\n\t\t\t\t\t<\/a>\n\t\t\t\t<\/div>\n\t\t\t\t\t\t\t\t<\/div>\n\t\t\t\t<\/div>\n\t\t\t\t\t<\/div>\n\t\t<\/div>\n\t\t\t\t\t<\/div>\n\t\t<\/section>\n\t\t\t\t<\/div>\n\t\t","protected":false},"excerpt":{"rendered":"<p>Bem-Vindo ao Iyda Park Estacionamento! O Iyda Park Estacionamento est\u00e1 instalado na cidade de Lins desde Dezembro de 2019. Localiza\u00e7\u00e3o estrat\u00e9gica para quem procura proximidade a local de trabalho ou viagens por ser pr\u00f3ximo \u00e0 Rodovi\u00e1ria (aproximadamente 3 quarteir\u00f5es). Venha nos visitar! O que dizem nossos clientes Estacionamento bem localizado, \u00e1rea central da cidade, muito [&hellip;]<\/p>\n","protected":false},"author":1,"featured_media":0,"parent":0,"menu_order":0,"comment_status":"closed","ping_status":"closed","template":"elementor_header_footer","meta":{"footnotes":""},"class_list":["post-37","page","type-page","status-publish","hentry"],"_links":{"self":[{"href":"https:\/\/iydapark.com.br\/index.php\/wp-json\/wp\/v2\/pages\/37","targetHints":{"allow":["GET"]}}],"collection":[{"href":"https:\/\/iydapark.com.br\/index.php\/wp-json\/wp\/v2\/pages"}],"about":[{"href":"https:\/\/iydapark.com.br\/index.php\/wp-json\/wp\/v2\/types\/page"}],"author":[{"embeddable":true,"href":"https:\/\/iydapark.com.br\/index.php\/wp-json\/wp\/v2\/users\/1"}],"replies":[{"embeddable":true,"href":"https:\/\/iydapark.com.br\/index.php\/wp-json\/wp\/v2\/comments?post=37"}],"version-history":[{"count":133,"href":"https:\/\/iydapark.com.br\/index.php\/wp-json\/wp\/v2\/pages\/37\/revisions"}],"predecessor-version":[{"id":220,"href":"https:\/\/iydapark.com.br\/index.php\/wp-json\/wp\/v2\/pages\/37\/revisions\/220"}],"wp:attachment":[{"href":"https:\/\/iydapark.com.br\/index.php\/wp-json\/wp\/v2\/media?parent=37"}],"curies":[{"name":"wp","href":"https:\/\/api.w.org\/{rel}","templated":true}]}}